{"id":6165,"date":"2021-04-04T10:25:41","date_gmt":"2021-04-04T10:25:41","guid":{"rendered":"https:\/\/lacoccinella.nl\/home\/olivenoel\/"},"modified":"2021-04-04T10:25:41","modified_gmt":"2021-04-04T10:25:41","slug":"olivenoel","status":"publish","type":"page","link":"https:\/\/lacoccinella.nl\/de\/home\/olivenoel\/","title":{"rendered":"Oliven\u00f6l"},"content":{"rendered":"\n<p class=\"has-white-color has-text-color has-medium-font-size\"><strong>Gesunde Ern\u00e4hrung und Respekt f\u00fcr die Umwelt sind f\u00fcr unsere Gesellschaft von grundlegender Bedeutung. Deshalb glauben wir, dass es wichtig ist, hochwertiges Oliven\u00f6l mit Respekt vor der Natur zu produzieren.<\/strong><\/p>\n\n<!--more Lees meer-->\n\n<div style=\"height:50px\" aria-hidden=\"true\" class=\"wp-block-spacer\"><\/div>\n\n<div class=\"wp-block-getwid-section alignfull getwid-margin-top-none getwid-margin-bottom-none\"><div class=\"wp-block-getwid-section__wrapper getwid-padding-top-none getwid-padding-bottom-none getwid-padding-left-medium getwid-padding-right-medium getwid-padding-mobile-left-small getwid-padding-mobile-right-small\"><div class=\"wp-block-getwid-section__inner-wrapper\"><div class=\"wp-block-getwid-section__background-holder\"><div class=\"wp-block-getwid-section__background\" style=\"background-image:url('https:\/\/lacoccinella.nl\/wp-content\/uploads\/2020\/10\/olio-scaled.jpg')\"><div class=\"wp-block-getwid-section__background-image-wrapper\"><img decoding=\"async\" class=\"wp-block-getwid-section__background-image\" src=\"https:\/\/lacoccinella.nl\/wp-content\/uploads\/2020\/10\/olio-scaled.jpg\" alt=\"\"\/><\/div><\/div><div class=\"wp-block-getwid-section__foreground\"><\/div><\/div><div class=\"wp-block-getwid-section__content\"><div class=\"wp-block-getwid-section__inner-content\">\n<div class=\"wp-block-getwid-section\" style=\"margin-top:-60px;margin-bottom:-60px\"><div class=\"wp-block-getwid-section__wrapper getwid-padding-left-normal getwid-padding-right-normal getwid-margin-tablet-right-none\" style=\"margin-right:50%;padding-top:109px;padding-bottom:110px\"><div class=\"wp-block-getwid-section__inner-wrapper\"><div class=\"wp-block-getwid-section__background-holder\"><div class=\"wp-block-getwid-section__background has-background has-blue-background-color\"><\/div><div class=\"wp-block-getwid-section__foreground\" style=\"background-image:url('http:\/\/lacoccinella.nl\/wp-content\/uploads\/2019\/07\/image_testimonials.png');background-position:top left;background-size:auto\"><\/div><\/div><div class=\"wp-block-getwid-section__content\"><div class=\"wp-block-getwid-section__inner-content\">\n<div class=\"wp-block-getwid-advanced-heading has-custom-font-size\" style=\"font-size:31px;margin-bottom:40px\"><h3 class=\"wp-block-getwid-advanced-heading__content has-text-color has-white-color\">Oliven\u00f6l<\/h3><\/div>\n\n\n\n<p class=\"has-white-color has-text-color\">Gesunde Ern\u00e4hrung und Respekt f\u00fcr die Umwelt sind f\u00fcr unsere Gesellschaft von grundlegender Bedeutung. Deshalb glauben wir, dass es wichtig ist, hochwertiges Oliven\u00f6l mit Respekt vor der Natur zu produzieren.<\/p>\n\n\n\n<p class=\"has-white-color has-text-color\">Unser Olivenhof liegt im UNESCO-Biosph\u00e4renreservat &#8218;Monte Peglia&#8216;. Wir produzieren ein 100 % nat\u00fcrliches natives Oliven\u00f6l extra, das aus einer naturnahen Landwirtschaft stammt.<\/p>\n\n\n\n<p class=\"has-white-color has-text-color\">Das Ergebnis ist ein extra natives Oliven\u00f6l von h\u00f6chster Qualit\u00e4t, das reich an Polyphenolen, pflanzlichem Squalen, Mineralien, Vitaminen und Antioxidantien ist und aus einem Verschnitt von 3 verschiedenen Olivensorten (Frantoio, Moraiolo und Leccino) f\u00fcr eine hervorragende Mischung der besten Oliven\u00f6le gewonnen wird.<\/p>\n\n\n\n<p class=\"has-white-color has-text-color\">Ein \u00d6l mit vollem Geschmack, frisch, raffiniert, samtig und fruchtig, mit guten Komponenten von w\u00fcrzig und bitter (typisch f\u00fcr \u00d6le von ausgezeichneter Qualit\u00e4t), mit Noten von Mandel, Artischocke, Tomate und aromatischen Kr\u00e4utern. Das \u00d6l wird durch eine kalte Produktionsmethode (Kaltpressung) gewonnen. Diese Technik gew\u00e4hrleistet eine Produktionsmethode, die in der Lage ist, die Qualit\u00e4t, die sensorischen und organoleptischen Eigenschaften des gro\u00dfartigen nativen Oliven\u00f6ls extra zu verbessern, und bewahrt au\u00dferdem alle N\u00e4hrwerte, die unserem Geist und unserer Gesundheit zugute kommen.<br\/><\/p>\n\n\n\n<div class=\"wp-block-columns has-3-columns is-layout-flex wp-container-core-columns-is-layout-9d6595d7 wp-block-columns-is-layout-flex\">\n<div class=\"wp-block-column is-layout-flow wp-block-column-is-layout-flow\"><\/div>\n\n\n\n<div class=\"wp-block-column is-layout-flow wp-block-column-is-layout-flow\"><\/div>\n\n\n\n<div class=\"wp-block-column is-layout-flow wp-block-column-is-layout-flow\"><\/div>\n<\/div>\n\n\n\n<div class=\"wp-block-buttons is-layout-flex wp-block-buttons-is-layout-flex\">\n<div class=\"wp-block-button\"><a class=\"wp-block-button__link\">Jetzt bestellen<\/a><\/div>\n<\/div>\n<\/div><\/div><\/div><\/div><\/div>\n<\/div><\/div><\/div><\/div><\/div>\n","protected":false},"excerpt":{"rendered":"<p>Gesunde Ern\u00e4hrung und Respekt f\u00fcr die Umwelt sind f\u00fcr unsere Gesellschaft von grundlegender Bedeutung. Deshalb glauben wir, dass es wichtig ist, hochwertiges Oliven\u00f6l mit Respekt vor der Natur zu produzieren.<\/p>\n","protected":false},"author":1,"featured_media":6157,"parent":5936,"menu_order":0,"comment_status":"closed","ping_status":"closed","template":"","meta":{"_joinchat":[],"footnotes":""},"class_list":["post-6165","page","type-page","status-publish","has-post-thumbnail","hentry"],"_links":{"self":[{"href":"https:\/\/lacoccinella.nl\/de\/wp-json\/wp\/v2\/pages\/6165","targetHints":{"allow":["GET"]}}],"collection":[{"href":"https:\/\/lacoccinella.nl\/de\/wp-json\/wp\/v2\/pages"}],"about":[{"href":"https:\/\/lacoccinella.nl\/de\/wp-json\/wp\/v2\/types\/page"}],"author":[{"embeddable":true,"href":"https:\/\/lacoccinella.nl\/de\/wp-json\/wp\/v2\/users\/1"}],"replies":[{"embeddable":true,"href":"https:\/\/lacoccinella.nl\/de\/wp-json\/wp\/v2\/comments?post=6165"}],"version-history":[{"count":0,"href":"https:\/\/lacoccinella.nl\/de\/wp-json\/wp\/v2\/pages\/6165\/revisions"}],"up":[{"embeddable":true,"href":"https:\/\/lacoccinella.nl\/de\/wp-json\/wp\/v2\/pages\/5936"}],"wp:featuredmedia":[{"embeddable":true,"href":"https:\/\/lacoccinella.nl\/de\/wp-json\/wp\/v2\/media\/6157"}],"wp:attachment":[{"href":"https:\/\/lacoccinella.nl\/de\/wp-json\/wp\/v2\/media?parent=6165"}],"curies":[{"name":"wp","href":"https:\/\/api.w.org\/{rel}","templated":true}]}}